{"id":433,"date":"2024-04-02T12:12:06","date_gmt":"2024-04-02T10:12:06","guid":{"rendered":"https:\/\/chasse-aux-tresors.colmar.live\/?page_id=433"},"modified":"2025-04-10T14:03:58","modified_gmt":"2025-04-10T12:03:58","slug":"contact","status":"publish","type":"page","link":"https:\/\/chasse-aux-tresors.colmar.live\/?page_id=433","title":{"rendered":"Contact"},"content":{"rendered":"\t\t<div data-elementor-type=\"wp-page\" data-elementor-id=\"433\" class=\"elementor elementor-433\" data-elementor-post-type=\"page\">\n\t\t\t\t\t\t<section class=\"elementor-section elementor-top-section elementor-element elementor-element-60f7eb60 elementor-section-stretched elementor-section-boxed elementor-section-height-default elementor-section-height-default\" data-id=\"60f7eb60\" data-element_type=\"section\" data-e-type=\"section\" data-settings=\"{&quot;stretch_section&quot;:&quot;section-stretched&quot;}\">\n\t\t\t\t\t\t<div class=\"elementor-container elementor-column-gap-default\">\n\t\t\t\t\t<div class=\"elementor-column elementor-col-33 elementor-top-column elementor-element elementor-element-33ec8671\" data-id=\"33ec8671\" data-element_type=\"column\" data-e-type=\"column\">\n\t\t\t<div class=\"elementor-widget-wrap elementor-element-populated\">\n\t\t\t\t\t\t<div class=\"elementor-element elementor-element-3c398b7 e-transform elementor-widget elementor-widget-theme-site-logo elementor-widget-image\" data-id=\"3c398b7\" data-element_type=\"widget\" data-e-type=\"widget\" data-settings=\"{&quot;_transform_translateY_effect&quot;:{&quot;unit&quot;:&quot;px&quot;,&quot;size&quot;:-60,&quot;sizes&quot;:[]},&quot;_transform_translateX_effect&quot;:{&quot;unit&quot;:&quot;px&quot;,&quot;size&quot;:&quot;&quot;,&quot;sizes&quot;:[]},&quot;_transform_translateX_effect_tablet&quot;:{&quot;unit&quot;:&quot;px&quot;,&quot;size&quot;:&quot;&quot;,&quot;sizes&quot;:[]},&quot;_transform_translateX_effect_mobile&quot;:{&quot;unit&quot;:&quot;px&quot;,&quot;size&quot;:&quot;&quot;,&quot;sizes&quot;:[]},&quot;_transform_translateY_effect_tablet&quot;:{&quot;unit&quot;:&quot;px&quot;,&quot;size&quot;:&quot;&quot;,&quot;sizes&quot;:[]},&quot;_transform_translateY_effect_mobile&quot;:{&quot;unit&quot;:&quot;px&quot;,&quot;size&quot;:&quot;&quot;,&quot;sizes&quot;:[]}}\" data-widget_type=\"theme-site-logo.default\">\n\t\t\t\t<div class=\"elementor-widget-container\">\n\t\t\t\t\t\t\t\t\t\t\t<a href=\"https:\/\/chasse-aux-tresors.colmar.live\">\n\t\t\t<img fetchpriority=\"high\" decoding=\"async\" width=\"512\" height=\"512\" src=\"https:\/\/chasse-aux-tresors.colmar.live\/wp-content\/uploads\/2024\/04\/cropped-cropped-Logo-2024-modified-3.png\" class=\"attachment-full size-full wp-image-668\" alt=\"Logo Chasse au Tr\u00e9sor de Colmar 2024\" srcset=\"https:\/\/chasse-aux-tresors.colmar.live\/wp-content\/uploads\/2024\/04\/cropped-cropped-Logo-2024-modified-3.png 512w, https:\/\/chasse-aux-tresors.colmar.live\/wp-content\/uploads\/2024\/04\/cropped-cropped-Logo-2024-modified-3-300x300.png 300w, https:\/\/chasse-aux-tresors.colmar.live\/wp-content\/uploads\/2024\/04\/cropped-cropped-Logo-2024-modified-3-150x150.png 150w\" sizes=\"(max-width: 512px) 100vw, 512px\" \/>\t\t\t\t<\/a>\n\t\t\t\t\t\t\t\t\t\t\t<\/div>\n\t\t\t\t<\/div>\n\t\t\t\t<div class=\"elementor-element elementor-element-97aab41 e-transform elementor-widget elementor-widget-breadcrumbs\" data-id=\"97aab41\" data-element_type=\"widget\" data-e-type=\"widget\" data-settings=\"{&quot;_transform_translateY_effect&quot;:{&quot;unit&quot;:&quot;px&quot;,&quot;size&quot;:-50,&quot;sizes&quot;:[]},&quot;_transform_translateX_effect&quot;:{&quot;unit&quot;:&quot;px&quot;,&quot;size&quot;:&quot;&quot;,&quot;sizes&quot;:[]},&quot;_transform_translateX_effect_tablet&quot;:{&quot;unit&quot;:&quot;px&quot;,&quot;size&quot;:&quot;&quot;,&quot;sizes&quot;:[]},&quot;_transform_translateX_effect_mobile&quot;:{&quot;unit&quot;:&quot;px&quot;,&quot;size&quot;:&quot;&quot;,&quot;sizes&quot;:[]},&quot;_transform_translateY_effect_tablet&quot;:{&quot;unit&quot;:&quot;px&quot;,&quot;size&quot;:&quot;&quot;,&quot;sizes&quot;:[]},&quot;_transform_translateY_effect_mobile&quot;:{&quot;unit&quot;:&quot;px&quot;,&quot;size&quot;:&quot;&quot;,&quot;sizes&quot;:[]}}\" data-widget_type=\"breadcrumbs.default\">\n\t\t\t\t<div class=\"elementor-widget-container\">\n\t\t\t\t\t<p id=\"breadcrumbs\"><span><span><a href=\"https:\/\/chasse-aux-tresors.colmar.live\/\">Accueil<\/a><\/span><\/span><\/p>\t\t\t\t<\/div>\n\t\t\t\t<\/div>\n\t\t\t\t\t<\/div>\n\t\t<\/div>\n\t\t\t\t<div class=\"elementor-column elementor-col-66 elementor-top-column elementor-element elementor-element-1625ca52\" data-id=\"1625ca52\" data-element_type=\"column\" data-e-type=\"column\">\n\t\t\t<div class=\"elementor-widget-wrap elementor-element-populated\">\n\t\t\t\t\t\t<div class=\"elementor-element elementor-element-5cbfeec1 elementor-nav-menu__align-center elementor-nav-menu--stretch e-transform elementor-nav-menu--dropdown-tablet elementor-nav-menu__text-align-aside elementor-nav-menu--toggle elementor-nav-menu--burger elementor-widget elementor-widget-nav-menu\" data-id=\"5cbfeec1\" data-element_type=\"widget\" data-e-type=\"widget\" data-settings=\"{&quot;full_width&quot;:&quot;stretch&quot;,&quot;_transform_translateY_effect&quot;:{&quot;unit&quot;:&quot;px&quot;,&quot;size&quot;:-60,&quot;sizes&quot;:[]},&quot;layout&quot;:&quot;horizontal&quot;,&quot;submenu_icon&quot;:{&quot;value&quot;:&quot;&lt;i class=\\&quot;fas fa-caret-down\\&quot; aria-hidden=\\&quot;true\\&quot;&gt;&lt;\\\/i&gt;&quot;,&quot;library&quot;:&quot;fa-solid&quot;},&quot;toggle&quot;:&quot;burger&quot;,&quot;_transform_translateX_effect&quot;:{&quot;unit&quot;:&quot;px&quot;,&quot;size&quot;:&quot;&quot;,&quot;sizes&quot;:[]},&quot;_transform_translateX_effect_tablet&quot;:{&quot;unit&quot;:&quot;px&quot;,&quot;size&quot;:&quot;&quot;,&quot;sizes&quot;:[]},&quot;_transform_translateX_effect_mobile&quot;:{&quot;unit&quot;:&quot;px&quot;,&quot;size&quot;:&quot;&quot;,&quot;sizes&quot;:[]},&quot;_transform_translateY_effect_tablet&quot;:{&quot;unit&quot;:&quot;px&quot;,&quot;size&quot;:&quot;&quot;,&quot;sizes&quot;:[]},&quot;_transform_translateY_effect_mobile&quot;:{&quot;unit&quot;:&quot;px&quot;,&quot;size&quot;:&quot;&quot;,&quot;sizes&quot;:[]}}\" data-widget_type=\"nav-menu.default\">\n\t\t\t\t<div class=\"elementor-widget-container\">\n\t\t\t\t\t\t\t\t<nav aria-label=\"Menu\" class=\"elementor-nav-menu--main elementor-nav-menu__container elementor-nav-menu--layout-horizontal e--pointer-overline e--animation-fade\">\n\t\t\t\t<ul id=\"menu-1-5cbfeec1\" class=\"elementor-nav-menu\"><li class=\"menu-item menu-item-type-post_type menu-item-object-page menu-item-568\"><a href=\"https:\/\/chasse-aux-tresors.colmar.live\/?page_id=435\" class=\"elementor-item\">L&rsquo;\u00e9v\u00e8nement<\/a><\/li>\n<li class=\"menu-item menu-item-type-post_type menu-item-object-page menu-item-746\"><a href=\"https:\/\/chasse-aux-tresors.colmar.live\/?page_id=692\" class=\"elementor-item\">R\u00e8glement<\/a><\/li>\n<li class=\"menu-item menu-item-type-post_type menu-item-object-page menu-item-569\"><a href=\"https:\/\/chasse-aux-tresors.colmar.live\/?page_id=438\" class=\"elementor-item\">Nos partenaires<\/a><\/li>\n<li class=\"menu-item menu-item-type-post_type menu-item-object-page menu-item-570\"><a href=\"https:\/\/chasse-aux-tresors.colmar.live\/?page_id=433\" class=\"elementor-item\">Contact<\/a><\/li>\n<\/ul>\t\t\t<\/nav>\n\t\t\t\t\t<div class=\"elementor-menu-toggle\" role=\"button\" tabindex=\"0\" aria-label=\"Permuter le menu\" aria-expanded=\"false\">\n\t\t\t<i aria-hidden=\"true\" role=\"presentation\" class=\"elementor-menu-toggle__icon--open eicon-menu-bar\"><\/i><i aria-hidden=\"true\" role=\"presentation\" class=\"elementor-menu-toggle__icon--close eicon-close\"><\/i>\t\t<\/div>\n\t\t\t\t\t<nav class=\"elementor-nav-menu--dropdown elementor-nav-menu__container\" aria-hidden=\"true\">\n\t\t\t\t<ul id=\"menu-2-5cbfeec1\" class=\"elementor-nav-menu\"><li class=\"menu-item menu-item-type-post_type menu-item-object-page menu-item-568\"><a href=\"https:\/\/chasse-aux-tresors.colmar.live\/?page_id=435\" class=\"elementor-item\" tabindex=\"-1\">L&rsquo;\u00e9v\u00e8nement<\/a><\/li>\n<li class=\"menu-item menu-item-type-post_type menu-item-object-page menu-item-746\"><a href=\"https:\/\/chasse-aux-tresors.colmar.live\/?page_id=692\" class=\"elementor-item\" tabindex=\"-1\">R\u00e8glement<\/a><\/li>\n<li class=\"menu-item menu-item-type-post_type menu-item-object-page menu-item-569\"><a href=\"https:\/\/chasse-aux-tresors.colmar.live\/?page_id=438\" class=\"elementor-item\" tabindex=\"-1\">Nos partenaires<\/a><\/li>\n<li class=\"menu-item menu-item-type-post_type menu-item-object-page menu-item-570\"><a href=\"https:\/\/chasse-aux-tresors.colmar.live\/?page_id=433\" class=\"elementor-item\" tabindex=\"-1\">Contact<\/a><\/li>\n<\/ul>\t\t\t<\/nav>\n\t\t\t\t\t\t<\/div>\n\t\t\t\t<\/div>\n\t\t\t\t\t<\/div>\n\t\t<\/div>\n\t\t\t\t\t<\/div>\n\t\t<\/section>\n\t\t\t\t<section class=\"elementor-section elementor-top-section elementor-element elementor-element-eef285c elementor-section-stretched elementor-section-content-middle elementor-section-boxed elementor-section-height-default elementor-section-height-default\" data-id=\"eef285c\" data-element_type=\"section\" data-e-type=\"section\" data-settings=\"{&quot;stretch_section&quot;:&quot;section-stretched&quot;}\">\n\t\t\t\t\t\t<div class=\"elementor-container elementor-column-gap-default\">\n\t\t\t\t\t<div class=\"elementor-column elementor-col-100 elementor-top-column elementor-element elementor-element-8a76623\" data-id=\"8a76623\" data-element_type=\"column\" data-e-type=\"column\">\n\t\t\t<div class=\"elementor-widget-wrap elementor-element-populated\">\n\t\t\t\t\t\t<div class=\"elementor-element elementor-element-af0b91f elementor-widget elementor-widget-heading\" data-id=\"af0b91f\" data-element_type=\"widget\" data-e-type=\"widget\" data-widget_type=\"heading.default\">\n\t\t\t\t<div class=\"elementor-widget-container\">\n\t\t\t\t\t<h2 class=\"elementor-heading-title elementor-size-default\"><h2 class=\"elementor-heading-title elementor-size-default\" style=\"font-weight: 900;font-size: 65px;text-align: center\">Une question ?&nbsp;<\/h2><br><h2 class=\"elementor-heading-title elementor-size-default\" style=\"font-weight: 900;font-size: 65px;text-align: center\">Contactez-nous !<\/h2><\/h2>\t\t\t\t<\/div>\n\t\t\t\t<\/div>\n\t\t\t\t\t<\/div>\n\t\t<\/div>\n\t\t\t\t\t<\/div>\n\t\t<\/section>\n\t\t\t\t<section class=\"elementor-section elementor-top-section elementor-element elementor-element-5f13dba elementor-section-stretched elementor-section-boxed elementor-section-height-default elementor-section-height-default\" data-id=\"5f13dba\" data-element_type=\"section\" data-e-type=\"section\" data-settings=\"{&quot;stretch_section&quot;:&quot;section-stretched&quot;}\">\n\t\t\t\t\t\t<div class=\"elementor-container elementor-column-gap-default\">\n\t\t\t\t\t<div class=\"elementor-column elementor-col-100 elementor-top-column elementor-element elementor-element-e275c35\" data-id=\"e275c35\" data-element_type=\"column\" data-e-type=\"column\">\n\t\t\t<div class=\"elementor-widget-wrap elementor-element-populated\">\n\t\t\t\t\t\t<section class=\"elementor-section elementor-inner-section elementor-element elementor-element-ea7a4e4 elementor-section-boxed elementor-section-height-default elementor-section-height-default\" data-id=\"ea7a4e4\" data-element_type=\"section\" data-e-type=\"section\">\n\t\t\t\t\t\t<div class=\"elementor-container elementor-column-gap-default\">\n\t\t\t\t\t<div class=\"elementor-column elementor-col-50 elementor-inner-column elementor-element elementor-element-bf30e34\" data-id=\"bf30e34\" data-element_type=\"column\" data-e-type=\"column\">\n\t\t\t<div class=\"elementor-widget-wrap elementor-element-populated\">\n\t\t\t\t\t\t<div class=\"elementor-element elementor-element-501cef9 elementor-widget__width-initial elementor-widget elementor-widget-content_form_contact\" data-id=\"501cef9\" data-element_type=\"widget\" data-e-type=\"widget\" data-widget_type=\"content_form_contact.default\">\n\t\t\t\t<div class=\"elementor-widget-container\">\n\t\t\t\t\t<form action=\"https:\/\/chasse-aux-tresors.colmar.live\/wp-admin\/admin-post.php\" method=\"post\" name=\"content-form-501cef9\" id=\"content-form-501cef9\" class=\"ti-cf-module content-form content-form-contact content_form_contact\"><input type=\"hidden\" id=\"_wpnonce_contact\" name=\"_wpnonce_contact\" value=\"cd4bf632c3\" \/><input type=\"hidden\" name=\"_wp_http_referer\" value=\"\/index.php?rest_route=%2Fwp%2Fv2%2Fpages%2F433\" \/><input type=\"hidden\" name=\"action\" value=\"content_form_submit\" \/><input type=\"hidden\" name=\"form-type\" value=\"contact\" \/><input type=\"hidden\" name=\"form-builder\" value=\"elementor\" \/><input type=\"hidden\" name=\"post-id\" value=\"433\" \/><input type=\"hidden\" name=\"form-id\" value=\"501cef9\" \/><fieldset class=\"content-form-field-text elementor-column elementor-col-100\"><label for=\"data[501cef9][name]\" >Pr\u00e9nom, Nom<span class=\"required-mark\"> *<\/span><\/label><input type=\"text\" name=\"data[501cef9][name]\" id=\"data[501cef9][name]\" required=\"required\"  placeholder=\"\"><\/fieldset><fieldset class=\"content-form-field-email elementor-column elementor-col-100\"><label for=\"data[501cef9][name]\" >Email<span class=\"required-mark\"> *<\/span><\/label><input type=\"text\" name=\"data[501cef9][name]\" id=\"data[501cef9][name]\" required=\"required\"  placeholder=\"\"><\/fieldset><fieldset class=\"content-form-field-textarea elementor-column elementor-col-100\"><label for=\"data[501cef9][message]\" >Message<span class=\"required-mark\"> *<\/span><\/label><textarea name=\"data[501cef9][message]\" id=\"data[501cef9][message]\"  required=\"required\" placeholder=\"Votre message\" cols=\"30\" rows=\"5\"><\/textarea><\/fieldset><fieldset class=\"submit-form contact\"><button type=\"submit\" name=\"submit\"  value=\"submit-contact-501cef9\" class=\"\">Envoyer<\/button><\/fieldset><\/form>\t\t\t\t<\/div>\n\t\t\t\t<\/div>\n\t\t\t\t\t<\/div>\n\t\t<\/div>\n\t\t\t\t<div class=\"elementor-column elementor-col-50 elementor-inner-column elementor-element elementor-element-0223576\" data-id=\"0223576\" data-element_type=\"column\" data-e-type=\"column\">\n\t\t\t<div class=\"elementor-widget-wrap elementor-element-populated\">\n\t\t\t\t\t\t<div class=\"elementor-element elementor-element-1f8b2c8 elementor-widget elementor-widget-spacer\" data-id=\"1f8b2c8\" data-element_type=\"widget\" data-e-type=\"widget\" data-widget_type=\"spacer.default\">\n\t\t\t\t<div class=\"elementor-widget-container\">\n\t\t\t\t\t\t\t<div class=\"elementor-spacer\">\n\t\t\t<div class=\"elementor-spacer-inner\"><\/div>\n\t\t<\/div>\n\t\t\t\t\t\t<\/div>\n\t\t\t\t<\/div>\n\t\t\t\t<div class=\"elementor-element elementor-element-2a6dbdd elementor-widget elementor-widget-text-editor\" data-id=\"2a6dbdd\" data-element_type=\"widget\" data-e-type=\"widget\" data-widget_type=\"text-editor.default\">\n\t\t\t\t<div class=\"elementor-widget-container\">\n\t\t\t\t\t\t\t\t\t<h3 data-elementor-setting-key=\"title\" data-pen-placeholder=\"\u00c9crivez ici...\" style=\"color: #3c4858; font-size: 32px; text-align: center;\"><b>Retrouvez-nous sur :<\/b><\/h3>\t\t\t\t\t\t\t\t<\/div>\n\t\t\t\t<\/div>\n\t\t\t\t<div class=\"elementor-element elementor-element-7e31b54 elementor-shape-rounded elementor-grid-0 e-grid-align-center elementor-widget elementor-widget-social-icons\" data-id=\"7e31b54\" data-element_type=\"widget\" data-e-type=\"widget\" data-widget_type=\"social-icons.default\">\n\t\t\t\t<div class=\"elementor-widget-container\">\n\t\t\t\t\t\t\t<div class=\"elementor-social-icons-wrapper elementor-grid\" role=\"list\">\n\t\t\t\t\t\t\t<span class=\"elementor-grid-item\" role=\"listitem\">\n\t\t\t\t\t<a class=\"elementor-icon elementor-social-icon elementor-social-icon-facebook elementor-repeater-item-839f28f\" href=\"https:\/\/www.facebook.com\/profile.php?id=100062701853416\" target=\"_blank\">\n\t\t\t\t\t\t<span class=\"elementor-screen-only\">Facebook<\/span>\n\t\t\t\t\t\t<i aria-hidden=\"true\" class=\"fab fa-facebook\"><\/i>\t\t\t\t\t<\/a>\n\t\t\t\t<\/span>\n\t\t\t\t\t\t\t<span class=\"elementor-grid-item\" role=\"listitem\">\n\t\t\t\t\t<a class=\"elementor-icon elementor-social-icon elementor-social-icon-instagram elementor-repeater-item-e0f7f23\" href=\"https:\/\/www.instagram.com\/catcolmar\/\" target=\"_blank\">\n\t\t\t\t\t\t<span class=\"elementor-screen-only\">Instagram<\/span>\n\t\t\t\t\t\t<i aria-hidden=\"true\" class=\"fab fa-instagram\"><\/i>\t\t\t\t\t<\/a>\n\t\t\t\t<\/span>\n\t\t\t\t\t<\/div>\n\t\t\t\t\t\t<\/div>\n\t\t\t\t<\/div>\n\t\t\t\t\t<\/div>\n\t\t<\/div>\n\t\t\t\t\t<\/div>\n\t\t<\/section>\n\t\t\t\t\t<\/div>\n\t\t<\/div>\n\t\t\t\t\t<\/div>\n\t\t<\/section>\n\t\t\t\t<\/div>\n\t\t","protected":false},"excerpt":{"rendered":"<p>Une question ?&nbsp; Contactez-nous ! Pr\u00e9nom, Nom * Email * Message * Envoyer Retrouvez-nous sur : Facebook Instagram<\/p>\n","protected":false},"author":1,"featured_media":0,"parent":0,"menu_order":0,"comment_status":"closed","ping_status":"closed","template":"","meta":{"footnotes":""},"class_list":["post-433","page","type-page","status-publish","hentry"],"yoast_head":"<!-- This site is optimized with the Yoast SEO plugin v24.8.1 - https:\/\/yoast.com\/wordpress\/plugins\/seo\/ -->\n<title>Contact - Chasse au Tr\u00e9sor de Colmar 2025<\/title>\n<meta name=\"description\" content=\"Pour tout renseignement au sujet de la Chasse au Tr\u00e9sor de Colmar contactez nous. Retrouvez nous sur Instagram. Samedi 11 Mai 2024, Place Rapp \u00e0 13h30.\" \/>\n<meta name=\"robots\" content=\"index, follow, max-snippet:-1, max-image-preview:large, max-video-preview:-1\" \/>\n<link rel=\"canonical\" href=\"https:\/\/chasse-aux-tresors.colmar.live\/?page_id=433\" \/>\n<meta property=\"og:locale\" content=\"fr_FR\" \/>\n<meta property=\"og:type\" content=\"article\" \/>\n<meta property=\"og:title\" content=\"Contact - Chasse au Tr\u00e9sor de Colmar 2025\" \/>\n<meta property=\"og:description\" content=\"Pour tout renseignement au sujet de la Chasse au Tr\u00e9sor de Colmar contactez nous. Retrouvez nous sur Instagram. Samedi 11 Mai 2024, Place Rapp \u00e0 13h30.\" \/>\n<meta property=\"og:url\" content=\"https:\/\/chasse-aux-tresors.colmar.live\/?page_id=433\" \/>\n<meta property=\"og:site_name\" content=\"Chasse au Tr\u00e9sor de Colmar 2025\" \/>\n<meta property=\"article:modified_time\" content=\"2025-04-10T12:03:58+00:00\" \/>\n<meta name=\"twitter:card\" content=\"summary_large_image\" \/>\n<meta name=\"twitter:label1\" content=\"Dur\u00e9e de lecture estim\u00e9e\" \/>\n\t<meta name=\"twitter:data1\" content=\"1 minute\" \/>\n<script type=\"application\/ld+json\" class=\"yoast-schema-graph\">{\"@context\":\"https:\/\/schema.org\",\"@graph\":[{\"@type\":\"WebPage\",\"@id\":\"https:\/\/chasse-aux-tresors.colmar.live\/?page_id=433\",\"url\":\"https:\/\/chasse-aux-tresors.colmar.live\/?page_id=433\",\"name\":\"Contact - Chasse au Tr\u00e9sor de Colmar 2025\",\"isPartOf\":{\"@id\":\"https:\/\/chasse-aux-tresors.colmar.live\/#website\"},\"datePublished\":\"2024-04-02T10:12:06+00:00\",\"dateModified\":\"2025-04-10T12:03:58+00:00\",\"description\":\"Pour tout renseignement au sujet de la Chasse au Tr\u00e9sor de Colmar contactez nous. Retrouvez nous sur Instagram. Samedi 11 Mai 2024, Place Rapp \u00e0 13h30.\",\"breadcrumb\":{\"@id\":\"https:\/\/chasse-aux-tresors.colmar.live\/?page_id=433#breadcrumb\"},\"inLanguage\":\"fr-FR\",\"potentialAction\":[{\"@type\":\"ReadAction\",\"target\":[\"https:\/\/chasse-aux-tresors.colmar.live\/?page_id=433\"]}]},{\"@type\":\"BreadcrumbList\",\"@id\":\"https:\/\/chasse-aux-tresors.colmar.live\/?page_id=433#breadcrumb\",\"itemListElement\":[{\"@type\":\"ListItem\",\"position\":1,\"name\":\"Accueil\",\"item\":\"https:\/\/chasse-aux-tresors.colmar.live\/\"},{\"@type\":\"ListItem\",\"position\":2,\"name\":\"Contact\"}]},{\"@type\":\"WebSite\",\"@id\":\"https:\/\/chasse-aux-tresors.colmar.live\/#website\",\"url\":\"https:\/\/chasse-aux-tresors.colmar.live\/\",\"name\":\"Chasse au Tr\u00e9sor de Colmar 2025\",\"description\":\"Colmar au Moyen-\u00e2ge\",\"publisher\":{\"@id\":\"https:\/\/chasse-aux-tresors.colmar.live\/#organization\"},\"potentialAction\":[{\"@type\":\"SearchAction\",\"target\":{\"@type\":\"EntryPoint\",\"urlTemplate\":\"https:\/\/chasse-aux-tresors.colmar.live\/?s={search_term_string}\"},\"query-input\":{\"@type\":\"PropertyValueSpecification\",\"valueRequired\":true,\"valueName\":\"search_term_string\"}}],\"inLanguage\":\"fr-FR\"},{\"@type\":\"Organization\",\"@id\":\"https:\/\/chasse-aux-tresors.colmar.live\/#organization\",\"name\":\"Chasse au Tr\u00e9sor de Colmar 2025\",\"url\":\"https:\/\/chasse-aux-tresors.colmar.live\/\",\"logo\":{\"@type\":\"ImageObject\",\"inLanguage\":\"fr-FR\",\"@id\":\"https:\/\/chasse-aux-tresors.colmar.live\/#\/schema\/logo\/image\/\",\"url\":\"https:\/\/chasse-aux-tresors.colmar.live\/wp-content\/uploads\/2024\/04\/cropped-cropped-Logo-2024-modified-3.png\",\"contentUrl\":\"https:\/\/chasse-aux-tresors.colmar.live\/wp-content\/uploads\/2024\/04\/cropped-cropped-Logo-2024-modified-3.png\",\"width\":512,\"height\":512,\"caption\":\"Chasse au Tr\u00e9sor de Colmar 2025\"},\"image\":{\"@id\":\"https:\/\/chasse-aux-tresors.colmar.live\/#\/schema\/logo\/image\/\"}}]}<\/script>\n<!-- \/ Yoast SEO plugin. -->","yoast_head_json":{"title":"Contact - Chasse au Tr\u00e9sor de Colmar 2025","description":"Pour tout renseignement au sujet de la Chasse au Tr\u00e9sor de Colmar contactez nous. Retrouvez nous sur Instagram. Samedi 11 Mai 2024, Place Rapp \u00e0 13h30.","robots":{"index":"index","follow":"follow","max-snippet":"max-snippet:-1","max-image-preview":"max-image-preview:large","max-video-preview":"max-video-preview:-1"},"canonical":"https:\/\/chasse-aux-tresors.colmar.live\/?page_id=433","og_locale":"fr_FR","og_type":"article","og_title":"Contact - Chasse au Tr\u00e9sor de Colmar 2025","og_description":"Pour tout renseignement au sujet de la Chasse au Tr\u00e9sor de Colmar contactez nous. Retrouvez nous sur Instagram. Samedi 11 Mai 2024, Place Rapp \u00e0 13h30.","og_url":"https:\/\/chasse-aux-tresors.colmar.live\/?page_id=433","og_site_name":"Chasse au Tr\u00e9sor de Colmar 2025","article_modified_time":"2025-04-10T12:03:58+00:00","twitter_card":"summary_large_image","twitter_misc":{"Dur\u00e9e de lecture estim\u00e9e":"1 minute"},"schema":{"@context":"https:\/\/schema.org","@graph":[{"@type":"WebPage","@id":"https:\/\/chasse-aux-tresors.colmar.live\/?page_id=433","url":"https:\/\/chasse-aux-tresors.colmar.live\/?page_id=433","name":"Contact - Chasse au Tr\u00e9sor de Colmar 2025","isPartOf":{"@id":"https:\/\/chasse-aux-tresors.colmar.live\/#website"},"datePublished":"2024-04-02T10:12:06+00:00","dateModified":"2025-04-10T12:03:58+00:00","description":"Pour tout renseignement au sujet de la Chasse au Tr\u00e9sor de Colmar contactez nous. Retrouvez nous sur Instagram. Samedi 11 Mai 2024, Place Rapp \u00e0 13h30.","breadcrumb":{"@id":"https:\/\/chasse-aux-tresors.colmar.live\/?page_id=433#breadcrumb"},"inLanguage":"fr-FR","potentialAction":[{"@type":"ReadAction","target":["https:\/\/chasse-aux-tresors.colmar.live\/?page_id=433"]}]},{"@type":"BreadcrumbList","@id":"https:\/\/chasse-aux-tresors.colmar.live\/?page_id=433#breadcrumb","itemListElement":[{"@type":"ListItem","position":1,"name":"Accueil","item":"https:\/\/chasse-aux-tresors.colmar.live\/"},{"@type":"ListItem","position":2,"name":"Contact"}]},{"@type":"WebSite","@id":"https:\/\/chasse-aux-tresors.colmar.live\/#website","url":"https:\/\/chasse-aux-tresors.colmar.live\/","name":"Chasse au Tr\u00e9sor de Colmar 2025","description":"Colmar au Moyen-\u00e2ge","publisher":{"@id":"https:\/\/chasse-aux-tresors.colmar.live\/#organization"},"potentialAction":[{"@type":"SearchAction","target":{"@type":"EntryPoint","urlTemplate":"https:\/\/chasse-aux-tresors.colmar.live\/?s={search_term_string}"},"query-input":{"@type":"PropertyValueSpecification","valueRequired":true,"valueName":"search_term_string"}}],"inLanguage":"fr-FR"},{"@type":"Organization","@id":"https:\/\/chasse-aux-tresors.colmar.live\/#organization","name":"Chasse au Tr\u00e9sor de Colmar 2025","url":"https:\/\/chasse-aux-tresors.colmar.live\/","logo":{"@type":"ImageObject","inLanguage":"fr-FR","@id":"https:\/\/chasse-aux-tresors.colmar.live\/#\/schema\/logo\/image\/","url":"https:\/\/chasse-aux-tresors.colmar.live\/wp-content\/uploads\/2024\/04\/cropped-cropped-Logo-2024-modified-3.png","contentUrl":"https:\/\/chasse-aux-tresors.colmar.live\/wp-content\/uploads\/2024\/04\/cropped-cropped-Logo-2024-modified-3.png","width":512,"height":512,"caption":"Chasse au Tr\u00e9sor de Colmar 2025"},"image":{"@id":"https:\/\/chasse-aux-tresors.colmar.live\/#\/schema\/logo\/image\/"}}]}},"_links":{"self":[{"href":"https:\/\/chasse-aux-tresors.colmar.live\/index.php?rest_route=\/wp\/v2\/pages\/433","targetHints":{"allow":["GET"]}}],"collection":[{"href":"https:\/\/chasse-aux-tresors.colmar.live\/index.php?rest_route=\/wp\/v2\/pages"}],"about":[{"href":"https:\/\/chasse-aux-tresors.colmar.live\/index.php?rest_route=\/wp\/v2\/types\/page"}],"author":[{"embeddable":true,"href":"https:\/\/chasse-aux-tresors.colmar.live\/index.php?rest_route=\/wp\/v2\/users\/1"}],"replies":[{"embeddable":true,"href":"https:\/\/chasse-aux-tresors.colmar.live\/index.php?rest_route=%2Fwp%2Fv2%2Fcomments&post=433"}],"version-history":[{"count":84,"href":"https:\/\/chasse-aux-tresors.colmar.live\/index.php?rest_route=\/wp\/v2\/pages\/433\/revisions"}],"predecessor-version":[{"id":951,"href":"https:\/\/chasse-aux-tresors.colmar.live\/index.php?rest_route=\/wp\/v2\/pages\/433\/revisions\/951"}],"wp:attachment":[{"href":"https:\/\/chasse-aux-tresors.colmar.live\/index.php?rest_route=%2Fwp%2Fv2%2Fmedia&parent=433"}],"curies":[{"name":"wp","href":"https:\/\/api.w.org\/{rel}","templated":true}]}}